{"id":16,"date":"2025-08-11T11:07:51","date_gmt":"2025-08-11T11:07:51","guid":{"rendered":"https:\/\/milleniaparkorlando.net\/pt\/?page_id=16"},"modified":"2025-08-11T11:18:07","modified_gmt":"2025-08-11T11:18:07","slug":"blog","status":"publish","type":"page","link":"https:\/\/milleniaparkorlando.net\/pt\/blog\/","title":{"rendered":"Blog"},"content":{"rendered":"<p>[et_pb_section fb_built=&#8221;1&#8243; _builder_version=&#8221;4.27.4&#8243; _module_preset=&#8221;default&#8221; global_colors_info=&#8221;{}&#8221; theme_builder_area=&#8221;post_content&#8221;][et_pb_row _builder_version=&#8221;4.27.4&#8243; _module_preset=&#8221;default&#8221; global_colors_info=&#8221;{}&#8221; theme_builder_area=&#8221;post_content&#8221;][et_pb_column type=&#8221;4_4&#8243; _builder_version=&#8221;4.27.4&#8243; _module_preset=&#8221;default&#8221; global_colors_info=&#8221;{}&#8221; theme_builder_area=&#8221;post_content&#8221;][et_pb_text _builder_version=&#8221;4.27.4&#8243; _module_preset=&#8221;default&#8221; header_2_font_size=&#8221;40px&#8221; hover_enabled=&#8221;0&#8243; global_colors_info=&#8221;{}&#8221; theme_builder_area=&#8221;post_content&#8221; sticky_enabled=&#8221;0&#8243;]<\/p>\n<h2 style=\"text-align: center;\"><strong>Nosso Blog<\/strong><\/h2>\n<p>[\/et_pb_text][et_pb_divider color=&#8221;#e17730&#8243; divider_weight=&#8221;8px&#8221; _builder_version=&#8221;4.27.4&#8243; _module_preset=&#8221;default&#8221; width=&#8221;10%&#8221; module_alignment=&#8221;center&#8221; hover_enabled=&#8221;0&#8243; global_colors_info=&#8221;{}&#8221; theme_builder_area=&#8221;post_content&#8221; sticky_enabled=&#8221;0&#8243;][\/et_pb_divider][\/et_pb_column][\/et_pb_row][et_pb_row _builder_version=&#8221;4.27.4&#8243; _module_preset=&#8221;default&#8221; global_colors_info=&#8221;{}&#8221; theme_builder_area=&#8221;post_content&#8221;][et_pb_column type=&#8221;4_4&#8243; _builder_version=&#8221;4.27.4&#8243; _module_preset=&#8221;default&#8221; global_colors_info=&#8221;{}&#8221; theme_builder_area=&#8221;post_content&#8221;][et_pb_blog fullwidth=&#8221;off&#8221; _builder_version=&#8221;4.27.4&#8243; _module_preset=&#8221;default&#8221; global_colors_info=&#8221;{}&#8221; theme_builder_area=&#8221;post_content&#8221;][\/et_pb_blog][\/et_pb_column][\/et_pb_row][\/et_pb_section]<\/p>\n","protected":false},"excerpt":{"rendered":"<p>Nosso Blog<\/p>\n","protected":false},"author":1,"featured_media":0,"parent":0,"menu_order":0,"comment_status":"closed","ping_status":"closed","template":"","meta":{"_et_pb_use_builder":"on","_et_pb_old_content":"","_et_gb_content_width":"","pagelayer_contact_templates":[],"_pagelayer_content":"","footnotes":""},"class_list":["post-16","page","type-page","status-publish","hentry"],"yoast_head":"<!-- This site is optimized with the Yoast SEO plugin v27.2 - https:\/\/yoast.com\/product\/yoast-seo-wordpress\/ -->\n<title>Blog - Millenia Park Orlando<\/title>\n<meta name=\"description\" content=\"Acompanhe nosso blog e fique por dentro das novidades sobre o mercado imobili\u00e1rio na Fl\u00f3rida e not\u00edcias relacionadas\" \/>\n<meta name=\"robots\" content=\"index, follow, max-snippet:-1, max-image-preview:large, max-video-preview:-1\" \/>\n<link rel=\"canonical\" href=\"https:\/\/milleniaparkorlando.net\/pt\/blog\/\" \/>\n<meta property=\"og:locale\" content=\"pt_BR\" \/>\n<meta property=\"og:type\" content=\"article\" \/>\n<meta property=\"og:title\" content=\"Blog - Millenia Park Orlando\" \/>\n<meta property=\"og:description\" content=\"Acompanhe nosso blog e fique por dentro das novidades sobre o mercado imobili\u00e1rio na Fl\u00f3rida e not\u00edcias relacionadas\" \/>\n<meta property=\"og:url\" content=\"https:\/\/milleniaparkorlando.net\/pt\/blog\/\" \/>\n<meta property=\"og:site_name\" content=\"Millenia Park Orlando\" \/>\n<meta property=\"article:modified_time\" content=\"2025-08-11T11:18:07+00:00\" \/>\n<meta name=\"twitter:card\" content=\"summary_large_image\" \/>\n<script type=\"application\/ld+json\" class=\"yoast-schema-graph\">{\"@context\":\"https:\/\/schema.org\",\"@graph\":[{\"@type\":\"WebPage\",\"@id\":\"https:\/\/milleniaparkorlando.net\/pt\/blog\/\",\"url\":\"https:\/\/milleniaparkorlando.net\/pt\/blog\/\",\"name\":\"Blog - Millenia Park Orlando\",\"isPartOf\":{\"@id\":\"https:\/\/milleniaparkorlando.net\/pt\/#website\"},\"datePublished\":\"2025-08-11T11:07:51+00:00\",\"dateModified\":\"2025-08-11T11:18:07+00:00\",\"description\":\"Acompanhe nosso blog e fique por dentro das novidades sobre o mercado imobili\u00e1rio na Fl\u00f3rida e not\u00edcias relacionadas\",\"breadcrumb\":{\"@id\":\"https:\/\/milleniaparkorlando.net\/pt\/blog\/#breadcrumb\"},\"inLanguage\":\"pt-BR\",\"potentialAction\":[{\"@type\":\"ReadAction\",\"target\":[\"https:\/\/milleniaparkorlando.net\/pt\/blog\/\"]}]},{\"@type\":\"BreadcrumbList\",\"@id\":\"https:\/\/milleniaparkorlando.net\/pt\/blog\/#breadcrumb\",\"itemListElement\":[{\"@type\":\"ListItem\",\"position\":1,\"name\":\"In\u00edcio\",\"item\":\"https:\/\/milleniaparkorlando.net\/pt\/\"},{\"@type\":\"ListItem\",\"position\":2,\"name\":\"Blog\"}]},{\"@type\":\"WebSite\",\"@id\":\"https:\/\/milleniaparkorlando.net\/pt\/#website\",\"url\":\"https:\/\/milleniaparkorlando.net\/pt\/\",\"name\":\"Millenia Park Orlando\",\"description\":\"Apartamentos em Orlando - Lan&ccedil;amento\",\"potentialAction\":[{\"@type\":\"SearchAction\",\"target\":{\"@type\":\"EntryPoint\",\"urlTemplate\":\"https:\/\/milleniaparkorlando.net\/pt\/?s={search_term_string}\"},\"query-input\":{\"@type\":\"PropertyValueSpecification\",\"valueRequired\":true,\"valueName\":\"search_term_string\"}}],\"inLanguage\":\"pt-BR\"}]}<\/script>\n<!-- \/ Yoast SEO plugin. -->","yoast_head_json":{"title":"Blog - Millenia Park Orlando","description":"Acompanhe nosso blog e fique por dentro das novidades sobre o mercado imobili\u00e1rio na Fl\u00f3rida e not\u00edcias relacionadas","robots":{"index":"index","follow":"follow","max-snippet":"max-snippet:-1","max-image-preview":"max-image-preview:large","max-video-preview":"max-video-preview:-1"},"canonical":"https:\/\/milleniaparkorlando.net\/pt\/blog\/","og_locale":"pt_BR","og_type":"article","og_title":"Blog - Millenia Park Orlando","og_description":"Acompanhe nosso blog e fique por dentro das novidades sobre o mercado imobili\u00e1rio na Fl\u00f3rida e not\u00edcias relacionadas","og_url":"https:\/\/milleniaparkorlando.net\/pt\/blog\/","og_site_name":"Millenia Park Orlando","article_modified_time":"2025-08-11T11:18:07+00:00","twitter_card":"summary_large_image","schema":{"@context":"https:\/\/schema.org","@graph":[{"@type":"WebPage","@id":"https:\/\/milleniaparkorlando.net\/pt\/blog\/","url":"https:\/\/milleniaparkorlando.net\/pt\/blog\/","name":"Blog - Millenia Park Orlando","isPartOf":{"@id":"https:\/\/milleniaparkorlando.net\/pt\/#website"},"datePublished":"2025-08-11T11:07:51+00:00","dateModified":"2025-08-11T11:18:07+00:00","description":"Acompanhe nosso blog e fique por dentro das novidades sobre o mercado imobili\u00e1rio na Fl\u00f3rida e not\u00edcias relacionadas","breadcrumb":{"@id":"https:\/\/milleniaparkorlando.net\/pt\/blog\/#breadcrumb"},"inLanguage":"pt-BR","potentialAction":[{"@type":"ReadAction","target":["https:\/\/milleniaparkorlando.net\/pt\/blog\/"]}]},{"@type":"BreadcrumbList","@id":"https:\/\/milleniaparkorlando.net\/pt\/blog\/#breadcrumb","itemListElement":[{"@type":"ListItem","position":1,"name":"In\u00edcio","item":"https:\/\/milleniaparkorlando.net\/pt\/"},{"@type":"ListItem","position":2,"name":"Blog"}]},{"@type":"WebSite","@id":"https:\/\/milleniaparkorlando.net\/pt\/#website","url":"https:\/\/milleniaparkorlando.net\/pt\/","name":"Millenia Park Orlando","description":"Apartamentos em Orlando - Lan&ccedil;amento","potentialAction":[{"@type":"SearchAction","target":{"@type":"EntryPoint","urlTemplate":"https:\/\/milleniaparkorlando.net\/pt\/?s={search_term_string}"},"query-input":{"@type":"PropertyValueSpecification","valueRequired":true,"valueName":"search_term_string"}}],"inLanguage":"pt-BR"}]}},"_links":{"self":[{"href":"https:\/\/milleniaparkorlando.net\/pt\/wp-json\/wp\/v2\/pages\/16","targetHints":{"allow":["GET"]}}],"collection":[{"href":"https:\/\/milleniaparkorlando.net\/pt\/wp-json\/wp\/v2\/pages"}],"about":[{"href":"https:\/\/milleniaparkorlando.net\/pt\/wp-json\/wp\/v2\/types\/page"}],"author":[{"embeddable":true,"href":"https:\/\/milleniaparkorlando.net\/pt\/wp-json\/wp\/v2\/users\/1"}],"replies":[{"embeddable":true,"href":"https:\/\/milleniaparkorlando.net\/pt\/wp-json\/wp\/v2\/comments?post=16"}],"version-history":[{"count":3,"href":"https:\/\/milleniaparkorlando.net\/pt\/wp-json\/wp\/v2\/pages\/16\/revisions"}],"predecessor-version":[{"id":29,"href":"https:\/\/milleniaparkorlando.net\/pt\/wp-json\/wp\/v2\/pages\/16\/revisions\/29"}],"wp:attachment":[{"href":"https:\/\/milleniaparkorlando.net\/pt\/wp-json\/wp\/v2\/media?parent=16"}],"curies":[{"name":"wp","href":"https:\/\/api.w.org\/{rel}","templated":true}]}}